{"id":56022,"date":"2023-01-25T18:09:06","date_gmt":"2023-01-25T17:09:06","guid":{"rendered":"https:\/\/www.sareb.es\/joaquin-de-fuentes-bardaji\/"},"modified":"2025-04-30T16:05:37","modified_gmt":"2025-04-30T15:05:37","slug":"joaquin-de-fuentes-bardaji","status":"publish","type":"page","link":"https:\/\/www.sareb.es\/en\/joaquin-de-fuentes-bardaji\/","title":{"rendered":"Joaqu\u00edn de Fuentes Bardaj\u00ed"},"content":{"rendered":"\n<style>.c-page-header{display:none;} .c-content .c-team:last-child{max-width: 900px !important;} .c-breadcrumb{display:none} .c-content .c-breadcrumb{display:flex} .c-intro{background-color: #e2fcf3;}<\/style>\n\n\n\n<section class=\"alignfull\"><nav class=\"c-breadcrumb c-breadcrumb--thumbnail \"><a class=\"c-breadcrumb__link\" href=\"\/\">Home<\/a> <span class=\"c-breadcrumb__separator\">\u2192<\/span> <a class=\"c-breadcrumb__link\" href=\"\/en\/corporate-governance\/\"> Corporate governance<\/a><span class=\"c-breadcrumb__separator\">\u2192<\/span> <span class=\"c-breadcrumb__current\"> Joaqu\u00edn de Fuentes Bardaj\u00ed<\/span><\/nav><\/section>\n\n\n<section class=\"c-intro alignfull\">\n  <div class=\"c-intro__wrapper o-container\">\n    <h1 class=\"c-title-1 has-primary-color c-intro__title\">Joaqu\u00edn de Fuentes Bardaj\u00ed<\/h1>\n    <div class=\"c-intro__image\">\n      \n    <\/div>\n  <\/div>\n<\/section>\n\n\n\n<div class=\"wp-block-columns alignwide is-layout-flex wp-container-core-columns-is-layout-9d6595d7 wp-block-columns-is-layout-flex\">\n<div class=\"wp-block-column is-layout-flow wp-block-column-is-layout-flow\">\n<figure class=\"wp-block-image size-full is-resized is-style-default\"><img loading=\"lazy\" decoding=\"async\" width=\"600\" height=\"832\" src=\"\/wp-content\/uploads\/2023\/01\/joaquin-de-fuentes-bardaji-fondo-blanco.jpg\" alt=\"\" class=\"wp-image-55963\" style=\"width:393px;height:545px\" srcset=\"\/wp-content\/uploads\/2023\/01\/joaquin-de-fuentes-bardaji-fondo-blanco.jpg 600w, \/wp-content\/uploads\/2023\/01\/joaquin-de-fuentes-bardaji-fondo-blanco-216x300.jpg 216w\" sizes=\"auto, (max-width: 600px) 100vw, 600px\" \/><\/figure>\n<\/div>\n\n\n\n<div class=\"wp-block-column is-vertically-aligned-top is-layout-flow wp-block-column-is-layout-flow\">\n<h2 class=\"c-title-2 wp-block-heading\">Proprietary director<\/h2>\n\n\n\n<p>Joaqu\u00edn de Fuentes Bardaj\u00ed is a public prosecutor who has worked throughout his career in a number of areas concerned with representing the interests of state law in both regional and institutional public administrations, as well as in publicly-owned companies, corporations, foundations and regulatory bodies. Some of his positions have included General Secretary at RENFE and Head of Legal and Regulatory Compliance at Telef\u00f3nica. From 2004 to 2012 he was both a public prosecutor and ex officio a member of the State Council. He is currently Head of Public Law at the law firm Escalona &amp; De Fuentes.<\/p>\n<\/div>\n<\/div>\n","protected":false},"excerpt":{"rendered":"<p>Home \u2192 Corporate governance\u2192 Joaqu\u00edn de Fuentes Bardaj\u00ed Proprietary director Joaqu\u00edn de Fuentes Bardaj\u00ed is a public prosecutor who has worked throughout his career in a number of areas concerned with representing the interests of state law in both regional and institutional public administrations, as well as in publicly-owned companies, corporations, foundations and regulatory bodies. &hellip;<\/p>\n","protected":false},"author":14,"featured_media":0,"parent":0,"menu_order":0,"comment_status":"closed","ping_status":"closed","template":"","meta":{"_acf_changed":false,"footnotes":""},"class_list":["post-56022","page","type-page","status-publish","hentry"],"acf":[],"_links":{"self":[{"href":"https:\/\/www.sareb.es\/en\/wp-json\/wp\/v2\/pages\/56022","targetHints":{"allow":["GET"]}}],"collection":[{"href":"https:\/\/www.sareb.es\/en\/wp-json\/wp\/v2\/pages"}],"about":[{"href":"https:\/\/www.sareb.es\/en\/wp-json\/wp\/v2\/types\/page"}],"author":[{"embeddable":true,"href":"https:\/\/www.sareb.es\/en\/wp-json\/wp\/v2\/users\/14"}],"replies":[{"embeddable":true,"href":"https:\/\/www.sareb.es\/en\/wp-json\/wp\/v2\/comments?post=56022"}],"version-history":[{"count":3,"href":"https:\/\/www.sareb.es\/en\/wp-json\/wp\/v2\/pages\/56022\/revisions"}],"predecessor-version":[{"id":103998,"href":"https:\/\/www.sareb.es\/en\/wp-json\/wp\/v2\/pages\/56022\/revisions\/103998"}],"wp:attachment":[{"href":"https:\/\/www.sareb.es\/en\/wp-json\/wp\/v2\/media?parent=56022"}],"curies":[{"name":"wp","href":"https:\/\/api.w.org\/{rel}","templated":true}]}}