{"id":43638,"date":"2022-08-02T09:14:34","date_gmt":"2022-08-02T08:14:34","guid":{"rendered":"https:\/\/www.sareb.es\/?page_id=43638"},"modified":"2025-04-30T16:18:14","modified_gmt":"2025-04-30T15:18:14","slug":"jose-maria-arroyo","status":"publish","type":"page","link":"https:\/\/www.sareb.es\/en\/jose-maria-arroyo\/","title":{"rendered":"Jos\u00e9 Mar\u00eda Arroyo"},"content":{"rendered":"\n<style>.c-page-header{display:none;} .c-content .c-team:last-child{max-width: 900px !important;} .c-breadcrumb{display:none} .c-content .c-breadcrumb{display:flex} .c-intro{background-color: #e2fcf3;}<\/style>\n\n\n\n<section class=\"alignfull\"><nav class=\"c-breadcrumb c-breadcrumb--thumbnail \"><a class=\"c-breadcrumb__link\" href=\"\/\">Home<\/a> <span class=\"c-breadcrumb__separator\">\u2192<\/span> <a class=\"c-breadcrumb__link\" href=\"\/en\/corporate-governance\/\"> Corporate governance<\/a><span class=\"c-breadcrumb__separator\">\u2192<\/span> <span class=\"c-breadcrumb__current\"> Jos\u00e9 Mar\u00eda Arroyo<\/span><\/nav><\/section>\n\n\n<section class=\"c-intro alignfull\">\n  <div class=\"c-intro__wrapper o-container\">\n    <h1 class=\"c-title-1 has-primary-color c-intro__title\">Jos\u00e9 Mar\u00eda Arroyo<\/h1>\n    <div class=\"c-intro__image\">\n      \n    <\/div>\n  <\/div>\n<\/section>\n\n\n\n<div class=\"wp-block-columns alignwide is-layout-flex wp-container-core-columns-is-layout-9d6595d7 wp-block-columns-is-layout-flex\">\n<div class=\"wp-block-column is-layout-flow wp-block-column-is-layout-flow\">\n<figure class=\"wp-block-image size-large is-resized is-style-default\"><img loading=\"lazy\" decoding=\"async\" width=\"1024\" height=\"898\" src=\"\/wp-content\/uploads\/2022\/08\/jose-maria-arroyo-sareb-1024x898.jpg\" alt=\"\" class=\"wp-image-43629\" style=\"object-fit:cover;width:488px;height:683px\" srcset=\"\/wp-content\/uploads\/2022\/08\/jose-maria-arroyo-sareb-1024x898.jpg 1024w, \/wp-content\/uploads\/2022\/08\/jose-maria-arroyo-sareb-300x263.jpg 300w, \/wp-content\/uploads\/2022\/08\/jose-maria-arroyo-sareb-768x674.jpg 768w, \/wp-content\/uploads\/2022\/08\/jose-maria-arroyo-sareb-1536x1347.jpg 1536w, \/wp-content\/uploads\/2022\/08\/jose-maria-arroyo-sareb-2048x1797.jpg 2048w\" sizes=\"auto, (max-width: 1024px) 100vw, 1024px\" \/><\/figure>\n<\/div>\n\n\n\n<div class=\"wp-block-column is-vertically-aligned-top is-layout-flow wp-block-column-is-layout-flow\">\n<h2 class=\"c-title-2 wp-block-heading\">Corporate and Finance Director<\/h2>\n\n\n\n<p>Jos\u00e9 Mar\u00eda Arroyo is currently on leave from his position as an inspector at the Bank of Spain and boasts more than 25 years\u2019 experience in both public and private sectors. Over the course of the last nine years, he has held different positions in Grupo Santander, including Head of Internal Model Validation. Prior to this, he held a number of roles at the Bank of Spain in areas relating to the inspection of credit institutions.<\/p>\n\n\n\n<p><\/p>\n<\/div>\n<\/div>\n","protected":false},"excerpt":{"rendered":"<p>Home \u2192 Corporate governance\u2192 Jos\u00e9 Mar\u00eda Arroyo Corporate and Finance Director Jos\u00e9 Mar\u00eda Arroyo is currently on leave from his position as an inspector at the Bank of Spain and boasts more than 25 years\u2019 experience in both public and private sectors. Over the course of the last nine years, he has held different positions &hellip;<\/p>\n","protected":false},"author":192,"featured_media":0,"parent":0,"menu_order":0,"comment_status":"closed","ping_status":"closed","template":"","meta":{"_acf_changed":false,"footnotes":""},"class_list":["post-43638","page","type-page","status-publish","hentry"],"acf":[],"_links":{"self":[{"href":"https:\/\/www.sareb.es\/en\/wp-json\/wp\/v2\/pages\/43638","targetHints":{"allow":["GET"]}}],"collection":[{"href":"https:\/\/www.sareb.es\/en\/wp-json\/wp\/v2\/pages"}],"about":[{"href":"https:\/\/www.sareb.es\/en\/wp-json\/wp\/v2\/types\/page"}],"author":[{"embeddable":true,"href":"https:\/\/www.sareb.es\/en\/wp-json\/wp\/v2\/users\/192"}],"replies":[{"embeddable":true,"href":"https:\/\/www.sareb.es\/en\/wp-json\/wp\/v2\/comments?post=43638"}],"version-history":[{"count":4,"href":"https:\/\/www.sareb.es\/en\/wp-json\/wp\/v2\/pages\/43638\/revisions"}],"predecessor-version":[{"id":104009,"href":"https:\/\/www.sareb.es\/en\/wp-json\/wp\/v2\/pages\/43638\/revisions\/104009"}],"wp:attachment":[{"href":"https:\/\/www.sareb.es\/en\/wp-json\/wp\/v2\/media?parent=43638"}],"curies":[{"name":"wp","href":"https:\/\/api.w.org\/{rel}","templated":true}]}}