{"id":16586,"date":"2021-04-03T20:16:59","date_gmt":"2021-04-03T19:16:59","guid":{"rendered":"https:\/\/www.sareb.es\/?page_id=16586"},"modified":"2025-10-21T10:30:55","modified_gmt":"2025-10-21T09:30:55","slug":"alvaro-lopez","status":"publish","type":"page","link":"https:\/\/www.sareb.es\/en\/corporate-governance\/alvaro-lopez\/","title":{"rendered":"\u00c1lvaro L\u00f3pez Barcel\u00f3"},"content":{"rendered":"\n<div class=\"wp-block-columns is-layout-flex wp-container-core-columns-is-layout-9d6595d7 wp-block-columns-is-layout-flex\">\n<div class=\"wp-block-column is-layout-flow wp-block-column-is-layout-flow\">\n<figure class=\"wp-block-image size-full is-resized\"><img loading=\"lazy\" decoding=\"async\" width=\"408\" height=\"612\" src=\"\/wp-content\/uploads\/2024\/05\/20240130-foto-alvaro-presidente-frob-fondo-blanco.png\" alt=\"\" class=\"wp-image-79097\" style=\"object-fit:cover;width:488px;height:683px\" srcset=\"\/wp-content\/uploads\/2024\/05\/20240130-foto-alvaro-presidente-frob-fondo-blanco.png 408w, \/wp-content\/uploads\/2024\/05\/20240130-foto-alvaro-presidente-frob-fondo-blanco-200x300.png 200w\" sizes=\"auto, (max-width: 408px) 100vw, 408px\" \/><\/figure>\n<\/div>\n\n\n\n<div class=\"wp-block-column is-layout-flow wp-block-column-is-layout-flow\">\n<h2 class=\"c-title-2 wp-block-heading\">Proprietary director (FROB)<\/h2>\n\n\n\n<p>\u00c1lvaro L\u00f3pez Barcel\u00f3 has been the Chairman of the Fund for Orderly Bank Restructuring (FROB) since 2024. Thus, he became part of Sareb\u2019s board of directors.<\/p>\n\n\n\n<p>He belongs to the Senior Corps of State Trade Technicians and Economists and is a Bachelor of Economic Affairs from Universidad Aut\u00f3noma de Madrid.&nbsp; He has carried his professional activity in the Spanish economic public sector, where he has held different management positions, including that of General Director of the Treasury and Financial Policy. His responsibilities included, among others, the regulation of the banking sector, securities market and means of payment; the development of sustainable and digital finance; the financing of the Public Treasury; money laundering and terrorism financing prevention; the management of the State\u00b4s liquidity; or the negotiations on the reform of the European resolution framework during the Spanish Presidency of the Council of the European Union in 2023.<\/p>\n<\/div>\n<\/div>\n","protected":false},"excerpt":{"rendered":"<p>Proprietary director (FROB) \u00c1lvaro L\u00f3pez Barcel\u00f3 has been the Chairman of the Fund for Orderly Bank Restructuring (FROB) since 2024. Thus, he became part of Sareb\u2019s board of directors. He belongs to the Senior Corps of State Trade Technicians and Economists and is a Bachelor of Economic Affairs from Universidad Aut\u00f3noma de Madrid.&nbsp; He has &hellip;<\/p>\n","protected":false},"author":2,"featured_media":0,"parent":16228,"menu_order":0,"comment_status":"closed","ping_status":"closed","template":"","meta":{"_acf_changed":false,"footnotes":""},"class_list":["post-16586","page","type-page","status-publish","hentry"],"acf":[],"_links":{"self":[{"href":"https:\/\/www.sareb.es\/en\/wp-json\/wp\/v2\/pages\/16586","targetHints":{"allow":["GET"]}}],"collection":[{"href":"https:\/\/www.sareb.es\/en\/wp-json\/wp\/v2\/pages"}],"about":[{"href":"https:\/\/www.sareb.es\/en\/wp-json\/wp\/v2\/types\/page"}],"author":[{"embeddable":true,"href":"https:\/\/www.sareb.es\/en\/wp-json\/wp\/v2\/users\/2"}],"replies":[{"embeddable":true,"href":"https:\/\/www.sareb.es\/en\/wp-json\/wp\/v2\/comments?post=16586"}],"version-history":[{"count":18,"href":"https:\/\/www.sareb.es\/en\/wp-json\/wp\/v2\/pages\/16586\/revisions"}],"predecessor-version":[{"id":120606,"href":"https:\/\/www.sareb.es\/en\/wp-json\/wp\/v2\/pages\/16586\/revisions\/120606"}],"up":[{"embeddable":true,"href":"https:\/\/www.sareb.es\/en\/wp-json\/wp\/v2\/pages\/16228"}],"wp:attachment":[{"href":"https:\/\/www.sareb.es\/en\/wp-json\/wp\/v2\/media?parent=16586"}],"curies":[{"name":"wp","href":"https:\/\/api.w.org\/{rel}","templated":true}]}}