{"id":16574,"date":"2021-04-03T20:02:06","date_gmt":"2021-04-03T19:02:06","guid":{"rendered":"https:\/\/www.sareb.es\/?page_id=16574"},"modified":"2025-12-17T13:55:22","modified_gmt":"2025-12-17T12:55:22","slug":"juan-ignacio-ruiz","status":"publish","type":"page","link":"https:\/\/www.sareb.es\/en\/corporate-governance\/juan-ignacio-ruiz\/","title":{"rendered":"Juan Ignacio Ruiz de Alda"},"content":{"rendered":"\n<section class=\"alignfull\"><nav class=\"c-breadcrumb c-breadcrumb--thumbnail \"><a class=\"c-breadcrumb__link\" href=\"https:\/\/www.sareb.es\">Inicio<\/a> <span class=\"c-breadcrumb__separator\">\u2192<\/span> Gobierno y Transparencia <span class=\"c-breadcrumb__separator\">\u2192<\/span> Gobierno Corporativo <span class=\"c-breadcrumb__separator\">\u2192<\/span> <a class=\"c-breadcrumb__link\" href=\"https:\/\/www.sareb.es\/organos-del-gobierno-corporativo\/\"> \u00d3rganos de Gobierno Corporativo<\/a><span class=\"c-breadcrumb__separator\">\u2192<\/span> <span class=\"c-breadcrumb__current\"> Juan Ignacio Ruiz de Alda<\/span><\/nav><\/section>\n\n<style>.c-page-header{display:none;} .c-content .c-team:last-child{max-width: 900px !important;} .c-breadcrumb{display:none} .c-content .c-breadcrumb{display:flex} .c-intro{background-color: #e2fcf3;}<\/style>\n<section class=\"c-intro alignfull\">\n  <div class=\"c-intro__wrapper o-container\">\n    <h1 class=\"c-title-1 has-primary-color c-intro__title\">Juan Ignacio Ruiz de Alda<\/h1>\n    <div class=\"c-intro__image\">\n      \n    <\/div>\n  <\/div>\n<\/section>\n\n<div class=\"wp-block-columns alignwide is-layout-flex wp-container-core-columns-is-layout-9d6595d7 wp-block-columns-is-layout-flex\">\n<div class=\"wp-block-column is-layout-flow wp-block-column-is-layout-flow\">\n<figure class=\"wp-block-image alignwide size-medium is-style-default\"><img loading=\"lazy\" decoding=\"async\" width=\"214\" height=\"300\" src=\"\/wp-content\/uploads\/2021\/02\/Ruiz_Alda-214x300.jpg\" alt=\"\" class=\"wp-image-1253\" srcset=\"\/wp-content\/uploads\/2021\/02\/Ruiz_Alda-214x300.jpg 214w, \/wp-content\/uploads\/2021\/02\/Ruiz_Alda-349x490.jpg 349w, \/wp-content\/uploads\/2021\/02\/Ruiz_Alda.jpg 352w\" sizes=\"auto, (max-width: 214px) 100vw, 214px\" \/><\/figure>\n<\/div>\n\n\n\n<div class=\"wp-block-column is-vertically-aligned-top is-layout-flow wp-block-column-is-layout-flow\">\n<h2 class=\"c-title-2 wp-block-heading\">Consejero dominical<\/h2>\n\n\n\n<p>Juan Ignacio Ruiz de Alda es licenciado en Derecho por la Universidad Complutense de Madrid-CEU y cuenta con m\u00e1s de 30 a\u00f1os de experiencia en el sector inmobiliario. Ha liderado proyectos de promoci\u00f3n, rehabilitaci\u00f3n y venta de activos tanto a nivel nacional como internacional.<\/p>\n\n\n\n<p>Fue director adjunto de la Corporaci\u00f3n Inmobiliaria Hispamer \/ Vallehermoso y socio fundador de Parkhabitat Tasaciones. Tambi\u00e9n ha ocupado diversos cargos dentro del Grupo Santander y ha sido consejero de Metrovacesa.<\/p>\n<\/div>\n<\/div>\n","protected":false},"excerpt":{"rendered":"<p>Inicio \u2192 Gobierno y Transparencia \u2192 Gobierno Corporativo \u2192 \u00d3rganos de Gobierno Corporativo\u2192 Juan Ignacio Ruiz de Alda Consejero dominical Juan Ignacio Ruiz de Alda es licenciado en Derecho por la Universidad Complutense de Madrid-CEU y cuenta con m\u00e1s de 30 a\u00f1os de experiencia en el sector inmobiliario. Ha liderado proyectos de promoci\u00f3n, rehabilitaci\u00f3n y &hellip;<\/p>\n","protected":false},"author":2,"featured_media":0,"parent":16228,"menu_order":0,"comment_status":"closed","ping_status":"closed","template":"","meta":{"_acf_changed":false,"footnotes":""},"class_list":["post-16574","page","type-page","status-publish","hentry"],"acf":[],"_links":{"self":[{"href":"https:\/\/www.sareb.es\/en\/wp-json\/wp\/v2\/pages\/16574","targetHints":{"allow":["GET"]}}],"collection":[{"href":"https:\/\/www.sareb.es\/en\/wp-json\/wp\/v2\/pages"}],"about":[{"href":"https:\/\/www.sareb.es\/en\/wp-json\/wp\/v2\/types\/page"}],"author":[{"embeddable":true,"href":"https:\/\/www.sareb.es\/en\/wp-json\/wp\/v2\/users\/2"}],"replies":[{"embeddable":true,"href":"https:\/\/www.sareb.es\/en\/wp-json\/wp\/v2\/comments?post=16574"}],"version-history":[{"count":4,"href":"https:\/\/www.sareb.es\/en\/wp-json\/wp\/v2\/pages\/16574\/revisions"}],"predecessor-version":[{"id":118559,"href":"https:\/\/www.sareb.es\/en\/wp-json\/wp\/v2\/pages\/16574\/revisions\/118559"}],"up":[{"embeddable":true,"href":"https:\/\/www.sareb.es\/en\/wp-json\/wp\/v2\/pages\/16228"}],"wp:attachment":[{"href":"https:\/\/www.sareb.es\/en\/wp-json\/wp\/v2\/media?parent=16574"}],"curies":[{"name":"wp","href":"https:\/\/api.w.org\/{rel}","templated":true}]}}