{"id":16228,"date":"2021-03-31T08:11:55","date_gmt":"2021-03-31T07:11:55","guid":{"rendered":"https:\/\/www.sareb.es\/?page_id=16228"},"modified":"2025-05-27T13:29:34","modified_gmt":"2025-05-27T12:29:34","slug":"corporate-governance","status":"publish","type":"page","link":"https:\/\/www.sareb.es\/en\/corporate-governance\/","title":{"rendered":"Corporate governance"},"content":{"rendered":"\n<section class=\"alignfull\"><nav class=\"c-breadcrumb c-breadcrumb--thumbnail \"><a class=\"c-breadcrumb__link\" href=\"https:\/\/sareb.presrb.es\" target=\"_blank\" rel=\"noopener\">Home<\/a> <span class=\"c-breadcrumb__separator\">\u2192<\/span> About Us <span class=\"c-breadcrumb__separator\">\u2192<\/span><span class=\"c-breadcrumb__current\"> Corporate governance<\/span><\/nav><\/section>\n\n\n\n<style>.c-page-header{display:none;} .c-content .c-team:last-child{max-width: 900px !important;} .c-breadcrumb{display:none} .c-content .c-breadcrumb{display:flex} .c-intro{background-color: #e2fcf3;}.page-visible{display:block !important;max-width: 100% !important;margin: 0 !important;}.titleh{margin: 0 0 .5rem !important;color: #00858c !important;}<\/style>\n\n\n\n<header class=\"c-page-header c-page-header--image page-visible\">\n  <div class=\"c-page-header__wrapper o-container\">\n    <h1 class=\"c-page-header__title c-title-1 titleh\">Corporate governance<\/h1>\n          <div class=\"c-page-header__thumb\">\n        <img fetchpriority=\"high\" decoding=\"async\" width=\"768\" height=\"432\" src=\"\/wp-content\/uploads\/2024\/05\/gobierno-corporativo-768x432.png\" class=\"attachment-medium_large size-medium_large\" alt=\"\" srcset=\"\/wp-content\/uploads\/2024\/05\/gobierno-corporativo-768x432.png 768w, \/wp-content\/uploads\/2024\/05\/gobierno-corporativo-300x169.png 300w, \/wp-content\/uploads\/2024\/05\/gobierno-corporativo-1024x576.png 1024w, \/wp-content\/uploads\/2024\/05\/gobierno-corporativo.png 1412w\" sizes=\"(max-width: 768px) 100vw, 768px\">\n      <\/div>\n      <\/div>\n<\/header>\n\n\n\n<p>The State, through the FROB, owns more than 50% of the capital of Sareb, which is incorporated as a public limited company. Although the company is not listed on the stock exchange, it follows the rules of good governance approved by the National Exchange and Securities Commission (CNMV).<\/p>\n\n\n\n<h3 class=\"c-title-3 wp-block-heading\"><br><strong>Sareb\u2019s Board of Directors<\/strong><\/h3>\n\n\n\n<p><br>The Board of Directors sets the objectives and supervises the management of the company&#8217;s management team. In addition, the Board of Directors has two specialized committees.<\/p>\n\n\n<section class=\"c-team alignwide\">\n       <a href=\"https:\/\/www.sareb.es\/en\/corporate-governance\/leopoldo-puig\/\" class=\"c-team__member\">\n      <div class=\"c-team__image\">\n        <img loading=\"lazy\" decoding=\"async\" width=\"349\" height=\"490\" src=\"\/wp-content\/uploads\/2021\/01\/leopoldopuig-349x490.jpg\" class=\"attachment-team size-team\" alt=\"\" \/>\n      <\/div>\n      <div class=\"c-team__info\">\n        <h2 class=\"c-team__name\"> Leopoldo Puig <\/h2>\n        <span class=\"c-team__position\">Executive Chairman<\/span>\n      <\/div>\n    <\/a>\n       <a href=\"https:\/\/www.sareb.es\/en\/corporate-governance\/alvaro-lopez\/\" class=\"c-team__member\">\n      <div class=\"c-team__image\">\n        <img loading=\"lazy\" decoding=\"async\" width=\"349\" height=\"490\" src=\"\/wp-content\/uploads\/2024\/02\/20240130-foto-alvaro-presidente-frob-fondo-blanco-349x490.png\" class=\"attachment-team size-team\" alt=\"\" \/>\n      <\/div>\n      <div class=\"c-team__info\">\n        <h2 class=\"c-team__name\"> \u00c1lvaro L\u00f3pez <\/h2>\n        <span class=\"c-team__position\">Proprietary director (FROB)<\/span>\n      <\/div>\n    <\/a>\n       <a href=\"https:\/\/www.sareb.es\/en\/corporate-governance\/juan-ignacio-ruiz\/\" class=\"c-team__member\">\n      <div class=\"c-team__image\">\n        <img loading=\"lazy\" decoding=\"async\" width=\"349\" height=\"490\" src=\"\/wp-content\/uploads\/2021\/02\/Ruiz_Alda-349x490.jpg\" class=\"attachment-team size-team\" alt=\"\" srcset=\"\/wp-content\/uploads\/2021\/02\/Ruiz_Alda-349x490.jpg 349w, \/wp-content\/uploads\/2021\/02\/Ruiz_Alda-214x300.jpg 214w, \/wp-content\/uploads\/2021\/02\/Ruiz_Alda.jpg 352w\" sizes=\"auto, (max-width: 349px) 100vw, 349px\" \/>\n      <\/div>\n      <div class=\"c-team__info\">\n        <h2 class=\"c-team__name\"> Juan Ignacio Ruiz de Alda <\/h2>\n        <span class=\"c-team__position\">Proprietary director<\/span>\n      <\/div>\n    <\/a>\n       <a href=\"https:\/\/www.sareb.es\/en\/corporate-governance\/carmen-allo\/\" class=\"c-team__member\">\n      <div class=\"c-team__image\">\n        <img loading=\"lazy\" decoding=\"async\" width=\"349\" height=\"490\" src=\"\/wp-content\/uploads\/2022\/06\/e5a1168-349x490.jpg\" class=\"attachment-team size-team\" alt=\"\" srcset=\"\/wp-content\/uploads\/2022\/06\/e5a1168-349x490.jpg 349w, \/wp-content\/uploads\/2022\/06\/e5a1168-214x300.jpg 214w, \/wp-content\/uploads\/2022\/06\/e5a1168-731x1024.jpg 731w, \/wp-content\/uploads\/2022\/06\/e5a1168-768x1076.jpg 768w, \/wp-content\/uploads\/2022\/06\/e5a1168-1096x1536.jpg 1096w, \/wp-content\/uploads\/2022\/06\/e5a1168-1461x2048.jpg 1461w, \/wp-content\/uploads\/2022\/06\/e5a1168-scaled.jpg 1827w\" sizes=\"auto, (max-width: 349px) 100vw, 349px\" \/>\n      <\/div>\n      <div class=\"c-team__info\">\n        <h2 class=\"c-team__name\"> Carmen Allo <\/h2>\n        <span class=\"c-team__position\">Independent director<\/span>\n      <\/div>\n    <\/a>\n       <a href=\"https:\/\/www.sareb.es\/en\/corporate-governance\/julian-navarro\/\" class=\"c-team__member\">\n      <div class=\"c-team__image\">\n        <img loading=\"lazy\" decoding=\"async\" width=\"349\" height=\"490\" src=\"\/wp-content\/uploads\/2022\/06\/e5a1202-349x490.jpg\" class=\"attachment-team size-team\" alt=\"\" \/>\n      <\/div>\n      <div class=\"c-team__info\">\n        <h2 class=\"c-team__name\"> Juli\u00e1n Navarro <\/h2>\n        <span class=\"c-team__position\">Proprietary director<\/span>\n      <\/div>\n    <\/a>\n       <a href=\"https:\/\/www.sareb.es\/en\/joaquin-de-fuentes-bardaji\/\" class=\"c-team__member\">\n      <div class=\"c-team__image\">\n        <img loading=\"lazy\" decoding=\"async\" width=\"349\" height=\"490\" src=\"\/wp-content\/uploads\/2023\/01\/joaquin-de-fuentes-bardaji-fondo-blanco-349x490.jpg\" class=\"attachment-team size-team\" alt=\"\" \/>\n      <\/div>\n      <div class=\"c-team__info\">\n        <h2 class=\"c-team__name\"> Joaqu\u00edn de Fuentes Bardaj\u00ed <\/h2>\n        <span class=\"c-team__position\">Proprietary director<\/span>\n      <\/div>\n    <\/a>\n       <a href=\"https:\/\/www.sareb.es\/en\/corporate-governance\/cristina-vidal-otero\/\" class=\"c-team__member\">\n      <div class=\"c-team__image\">\n        <img loading=\"lazy\" decoding=\"async\" width=\"349\" height=\"490\" src=\"\/wp-content\/uploads\/2023\/01\/cristina-vidal-foto-2-349x490.jpg\" class=\"attachment-team size-team\" alt=\"\" \/>\n      <\/div>\n      <div class=\"c-team__info\">\n        <h2 class=\"c-team__name\"> Cristina Vidal <\/h2>\n        <span class=\"c-team__position\">Independent director<\/span>\n      <\/div>\n    <\/a>\n  <\/section>\n\n\n<section class=\"c-download alignfull\">\n    \n  <p class=\"c-download__name\">Reglamento Consejo de Administraci\u00f3n (julio 2024)<\/p>\n  <p class=\"c-download__type\">pdf (348 KB)<\/p>\n  <a download href=\"\/wp-content\/uploads\/2024\/09\/reglamento-consejo-julio-20240724.pdf\" class=\"c-download__link\">Download <svg xmlns=\"http:\/\/www.w3.org\/2000\/svg\" width=\"33\" height=\"32\" viewBox=\"0 0 33 32\" class=\"c-download__icon\">\n    <g fill=\"none\" fill-rule=\"evenodd\">\n        <g fill=\"#00858C\">\n            <g>\n                <g>\n                    <g>\n                        <path d=\"M26.333 20c.703 0 1.28.544 1.33 1.234l.004.1V24c0 2.159-1.71 3.918-3.85 3.997l-.15.003h-16c-2.16 0-3.919-1.71-3.998-3.85L3.667 24v-2.667C3.667 20.597 4.264 20 5 20c.703 0 1.279.544 1.33 1.234l.003.1V24c0 .703.544 1.279 1.234 1.33l.1.003h16c.703 0 1.278-.544 1.33-1.233L25 24v-2.667c0-.736.597-1.333 1.333-1.333zm-9.957 2.613l-.042.011-.092.02-.106.016-.136.007-.065-.002-.09-.007-.133-.023-.103-.027-.094-.032-.103-.045-.09-.05-.11-.072-.07-.055-.085-.078-6.666-6.667c-.521-.52-.521-1.364 0-1.885.493-.493 1.276-.52 1.8-.078l.085.078 4.39 4.39V5.334C14.667 4.596 15.265 4 16 4c.703 0 1.279.544 1.33 1.234l.003.1v12.78l4.39-4.39c.494-.493 1.278-.52 1.802-.078l.084.078c.494.493.52 1.277.078 1.8l-.078.085-6.666 6.667c-.026.025-.052.05-.08.073l.08-.073c-.033.033-.067.064-.102.092l-.085.064-.079.05-.102.055-.098.042-.101.034z\" transform=\"translate(-846 -2980) translate(545 2888) translate(18 92) translate(283.567)\"\/>\n                    <\/g>\n                <\/g>\n            <\/g>\n        <\/g>\n    <\/g>\n<\/svg><\/a>\n<\/section>\n\n\n\n<h3 class=\"c-title-3 wp-block-heading has-text-align-left\">Members of the Audit Committee<\/h3>\n\n\n<section class=\"c-team alignwide\">\n       <a href=\"https:\/\/www.sareb.es\/en\/corporate-governance\/carmen-allo\/\" class=\"c-team__member\">\n      <div class=\"c-team__image\">\n        <img loading=\"lazy\" decoding=\"async\" width=\"349\" height=\"490\" src=\"\/wp-content\/uploads\/2022\/06\/e5a1168-349x490.jpg\" class=\"attachment-team size-team\" alt=\"\" srcset=\"\/wp-content\/uploads\/2022\/06\/e5a1168-349x490.jpg 349w, \/wp-content\/uploads\/2022\/06\/e5a1168-214x300.jpg 214w, \/wp-content\/uploads\/2022\/06\/e5a1168-731x1024.jpg 731w, \/wp-content\/uploads\/2022\/06\/e5a1168-768x1076.jpg 768w, \/wp-content\/uploads\/2022\/06\/e5a1168-1096x1536.jpg 1096w, \/wp-content\/uploads\/2022\/06\/e5a1168-1461x2048.jpg 1461w, \/wp-content\/uploads\/2022\/06\/e5a1168-scaled.jpg 1827w\" sizes=\"auto, (max-width: 349px) 100vw, 349px\" \/>\n      <\/div>\n      <div class=\"c-team__info\">\n        <h2 class=\"c-team__name\"> Carmen Allo <\/h2>\n        <span class=\"c-team__position\">Independent director<\/span>\n      <\/div>\n    <\/a>\n       <a href=\"https:\/\/www.sareb.es\/en\/corporate-governance\/alvaro-lopez\/\" class=\"c-team__member\">\n      <div class=\"c-team__image\">\n        <img loading=\"lazy\" decoding=\"async\" width=\"349\" height=\"490\" src=\"\/wp-content\/uploads\/2024\/05\/20240130-foto-alvaro-presidente-frob-fondo-blanco-349x490.png\" class=\"attachment-team size-team\" alt=\"\" \/>\n      <\/div>\n      <div class=\"c-team__info\">\n        <h2 class=\"c-team__name\"> \u00c1lvaro L\u00f3pez Barcel\u00f3 <\/h2>\n        <span class=\"c-team__position\">Proprietary director (FROB)<\/span>\n      <\/div>\n    <\/a>\n       <a href=\"https:\/\/www.sareb.es\/en\/corporate-governance\/cristina-vidal-otero\/\" class=\"c-team__member\">\n      <div class=\"c-team__image\">\n        <img loading=\"lazy\" decoding=\"async\" width=\"349\" height=\"490\" src=\"\/wp-content\/uploads\/2023\/01\/cristina-vidal-foto-2-349x490.jpg\" class=\"attachment-team size-team\" alt=\"\" \/>\n      <\/div>\n      <div class=\"c-team__info\">\n        <h2 class=\"c-team__name\"> Cristina Vidal <\/h2>\n        <span class=\"c-team__position\">Independent director<\/span>\n      <\/div>\n    <\/a>\n  <\/section>\n\n\n<section class=\"c-download alignfull\">\n    \n  <p class=\"c-download__name\">Reglamento del Comit\u00e9 de Auditor\u00eda (julio 2024)<\/p>\n  <p class=\"c-download__type\">pdf (266 KB)<\/p>\n  <a download href=\"\/wp-content\/uploads\/2024\/09\/reglamento-del-comite-de-auditoria-20240724.pdf\" class=\"c-download__link\">Download <svg xmlns=\"http:\/\/www.w3.org\/2000\/svg\" width=\"33\" height=\"32\" viewBox=\"0 0 33 32\" class=\"c-download__icon\">\n    <g fill=\"none\" fill-rule=\"evenodd\">\n        <g fill=\"#00858C\">\n            <g>\n                <g>\n                    <g>\n                        <path d=\"M26.333 20c.703 0 1.28.544 1.33 1.234l.004.1V24c0 2.159-1.71 3.918-3.85 3.997l-.15.003h-16c-2.16 0-3.919-1.71-3.998-3.85L3.667 24v-2.667C3.667 20.597 4.264 20 5 20c.703 0 1.279.544 1.33 1.234l.003.1V24c0 .703.544 1.279 1.234 1.33l.1.003h16c.703 0 1.278-.544 1.33-1.233L25 24v-2.667c0-.736.597-1.333 1.333-1.333zm-9.957 2.613l-.042.011-.092.02-.106.016-.136.007-.065-.002-.09-.007-.133-.023-.103-.027-.094-.032-.103-.045-.09-.05-.11-.072-.07-.055-.085-.078-6.666-6.667c-.521-.52-.521-1.364 0-1.885.493-.493 1.276-.52 1.8-.078l.085.078 4.39 4.39V5.334C14.667 4.596 15.265 4 16 4c.703 0 1.279.544 1.33 1.234l.003.1v12.78l4.39-4.39c.494-.493 1.278-.52 1.802-.078l.084.078c.494.493.52 1.277.078 1.8l-.078.085-6.666 6.667c-.026.025-.052.05-.08.073l.08-.073c-.033.033-.067.064-.102.092l-.085.064-.079.05-.102.055-.098.042-.101.034z\" transform=\"translate(-846 -2980) translate(545 2888) translate(18 92) translate(283.567)\"\/>\n                    <\/g>\n                <\/g>\n            <\/g>\n        <\/g>\n    <\/g>\n<\/svg><\/a>\n<\/section>\n\n\n\n<h3 class=\"c-title-3 wp-block-heading has-text-align-left\">Members of the Remuneration and Appointments Committee<\/h3>\n\n\n<section class=\"c-team alignwide\">\n       <a href=\"https:\/\/www.sareb.es\/en\/corporate-governance\/carmen-allo\/\" class=\"c-team__member\">\n      <div class=\"c-team__image\">\n        <img loading=\"lazy\" decoding=\"async\" width=\"349\" height=\"490\" src=\"\/wp-content\/uploads\/2022\/06\/e5a1168-349x490.jpg\" class=\"attachment-team size-team\" alt=\"\" srcset=\"\/wp-content\/uploads\/2022\/06\/e5a1168-349x490.jpg 349w, \/wp-content\/uploads\/2022\/06\/e5a1168-214x300.jpg 214w, \/wp-content\/uploads\/2022\/06\/e5a1168-731x1024.jpg 731w, \/wp-content\/uploads\/2022\/06\/e5a1168-768x1076.jpg 768w, \/wp-content\/uploads\/2022\/06\/e5a1168-1096x1536.jpg 1096w, \/wp-content\/uploads\/2022\/06\/e5a1168-1461x2048.jpg 1461w, \/wp-content\/uploads\/2022\/06\/e5a1168-scaled.jpg 1827w\" sizes=\"auto, (max-width: 349px) 100vw, 349px\" \/>\n      <\/div>\n      <div class=\"c-team__info\">\n        <h2 class=\"c-team__name\"> Carmen Allo <\/h2>\n        <span class=\"c-team__position\">Independent director<\/span>\n      <\/div>\n    <\/a>\n       <a href=\"https:\/\/www.sareb.es\/en\/joaquin-de-fuentes-bardaji\/\" class=\"c-team__member\">\n      <div class=\"c-team__image\">\n        <img loading=\"lazy\" decoding=\"async\" width=\"349\" height=\"490\" src=\"\/wp-content\/uploads\/2023\/01\/joaquin-de-fuentes-bardaji-fondo-blanco-349x490.jpg\" class=\"attachment-team size-team\" alt=\"\" \/>\n      <\/div>\n      <div class=\"c-team__info\">\n        <h2 class=\"c-team__name\"> Joaqu\u00edn de Fuentes Bardaj\u00ed <\/h2>\n        <span class=\"c-team__position\">Proprietary director<\/span>\n      <\/div>\n    <\/a>\n       <a href=\"https:\/\/www.sareb.es\/en\/corporate-governance\/cristina-vidal-otero\/\" class=\"c-team__member\">\n      <div class=\"c-team__image\">\n        <img loading=\"lazy\" decoding=\"async\" width=\"349\" height=\"490\" src=\"\/wp-content\/uploads\/2023\/01\/cristina-vidal-foto-2-349x490.jpg\" class=\"attachment-team size-team\" alt=\"\" \/>\n      <\/div>\n      <div class=\"c-team__info\">\n        <h2 class=\"c-team__name\"> Cristina Vidal <\/h2>\n        <span class=\"c-team__position\">Independent director<\/span>\n      <\/div>\n    <\/a>\n  <\/section>\n\n\n<section class=\"c-download alignfull\">\n    \n  <p class=\"c-download__name\">Reglamento del Comite\u0301 de Retribuciones y Nombramientos (julio 2024)<\/p>\n  <p class=\"c-download__type\">pdf (237 KB)<\/p>\n  <a download href=\"\/wp-content\/uploads\/2024\/09\/reglamento-del-comite-de-retribuciones-y-nombramientos-20240724.pdf\" class=\"c-download__link\">Download <svg xmlns=\"http:\/\/www.w3.org\/2000\/svg\" width=\"33\" height=\"32\" viewBox=\"0 0 33 32\" class=\"c-download__icon\">\n    <g fill=\"none\" fill-rule=\"evenodd\">\n        <g fill=\"#00858C\">\n            <g>\n                <g>\n                    <g>\n                        <path d=\"M26.333 20c.703 0 1.28.544 1.33 1.234l.004.1V24c0 2.159-1.71 3.918-3.85 3.997l-.15.003h-16c-2.16 0-3.919-1.71-3.998-3.85L3.667 24v-2.667C3.667 20.597 4.264 20 5 20c.703 0 1.279.544 1.33 1.234l.003.1V24c0 .703.544 1.279 1.234 1.33l.1.003h16c.703 0 1.278-.544 1.33-1.233L25 24v-2.667c0-.736.597-1.333 1.333-1.333zm-9.957 2.613l-.042.011-.092.02-.106.016-.136.007-.065-.002-.09-.007-.133-.023-.103-.027-.094-.032-.103-.045-.09-.05-.11-.072-.07-.055-.085-.078-6.666-6.667c-.521-.52-.521-1.364 0-1.885.493-.493 1.276-.52 1.8-.078l.085.078 4.39 4.39V5.334C14.667 4.596 15.265 4 16 4c.703 0 1.279.544 1.33 1.234l.003.1v12.78l4.39-4.39c.494-.493 1.278-.52 1.802-.078l.084.078c.494.493.52 1.277.078 1.8l-.078.085-6.666 6.667c-.026.025-.052.05-.08.073l.08-.073c-.033.033-.067.064-.102.092l-.085.064-.079.05-.102.055-.098.042-.101.034z\" transform=\"translate(-846 -2980) translate(545 2888) translate(18 92) translate(283.567)\"\/>\n                    <\/g>\n                <\/g>\n            <\/g>\n        <\/g>\n    <\/g>\n<\/svg><\/a>\n<\/section>\n\n\n\n<h2 class=\"c-title-2 wp-block-heading\"><br><strong>Management Team<\/strong><\/h2>\n\n\n\n<p><br>Sareb has a Management Committee comprising the company&#8217;s CEO and six directors each responsible for a specific areas.<\/p>\n\n\n<section class=\"c-team alignwide\">\n       <a href=\"https:\/\/www.sareb.es\/en\/corporate-governance\/leopoldo-puig\/\" class=\"c-team__member\">\n      <div class=\"c-team__image\">\n        <img loading=\"lazy\" decoding=\"async\" width=\"349\" height=\"490\" src=\"\/wp-content\/uploads\/2024\/05\/leopoldopuig-1-349x490.jpg\" class=\"attachment-team size-team\" alt=\"\" \/>\n      <\/div>\n      <div class=\"c-team__info\">\n        <h2 class=\"c-team__name\"> Leopoldo Puig <\/h2>\n        <span class=\"c-team__position\">Executive Chairman<\/span>\n      <\/div>\n    <\/a>\n       <a href=\"https:\/\/www.sareb.es\/en\/jose-maria-arroyo\/\" class=\"c-team__member\">\n      <div class=\"c-team__image\">\n        <img loading=\"lazy\" decoding=\"async\" width=\"349\" height=\"490\" src=\"\/wp-content\/uploads\/2022\/08\/jose-maria-arroyo-sareb-349x490.jpg\" class=\"attachment-team size-team\" alt=\"\" \/>\n      <\/div>\n      <div class=\"c-team__info\">\n        <h2 class=\"c-team__name\"> Jos\u00e9 Mar\u00eda Arroyo <\/h2>\n        <span class=\"c-team__position\">Corporate and Finance Director<\/span>\n      <\/div>\n    <\/a>\n       <a href=\"https:\/\/www.sareb.es\/en\/lucia-grana\/\" class=\"c-team__member\">\n      <div class=\"c-team__image\">\n        <img loading=\"lazy\" decoding=\"async\" width=\"349\" height=\"490\" src=\"\/wp-content\/uploads\/2022\/06\/foto-5-lucia-grana-luz-scaled-e1656432329995-349x490.jpg\" class=\"attachment-team size-team\" alt=\"\" \/>\n      <\/div>\n      <div class=\"c-team__info\">\n        <h2 class=\"c-team__name\"> Luc\u00eda Gra\u00f1a <\/h2>\n        <span class=\"c-team__position\">Asset Management Director<\/span>\n      <\/div>\n    <\/a>\n       <a href=\"https:\/\/www.sareb.es\/en\/corporate-governance\/beatriz-hernandez\/\" class=\"c-team__member\">\n      <div class=\"c-team__image\">\n        <img loading=\"lazy\" decoding=\"async\" width=\"349\" height=\"490\" src=\"\/wp-content\/uploads\/2024\/05\/beatriz-hernandez-699x1024-1-349x490.jpg\" class=\"attachment-team size-team\" alt=\"\" \/>\n      <\/div>\n      <div class=\"c-team__info\">\n        <h2 class=\"c-team__name\"> Beatriz Hern\u00e1ndez <\/h2>\n        <span class=\"c-team__position\">Real Estate Development Director<\/span>\n      <\/div>\n    <\/a>\n       <a href=\"https:\/\/www.sareb.es\/en\/pau-perez-de-acha\/\" class=\"c-team__member\">\n      <div class=\"c-team__image\">\n        <img loading=\"lazy\" decoding=\"async\" width=\"349\" height=\"490\" src=\"\/wp-content\/uploads\/2024\/05\/e5a5873-759x1024-1-349x490.jpg\" class=\"attachment-team size-team\" alt=\"\" \/>\n      <\/div>\n      <div class=\"c-team__info\">\n        <h2 class=\"c-team__name\"> Pau P\u00e9rez de Acha <\/h2>\n        <span class=\"c-team__position\">Director of Social and Affordable Housing and Institutional Relations<\/span>\n      <\/div>\n    <\/a>\n       <a href=\"https:\/\/www.sareb.es\/en\/corporate-governance\/rafael-piaget\/\" class=\"c-team__member\">\n      <div class=\"c-team__image\">\n        <img loading=\"lazy\" decoding=\"async\" width=\"349\" height=\"490\" src=\"\/wp-content\/uploads\/2024\/05\/rafael-piaget-1-349x490.jpg\" class=\"attachment-team size-team\" alt=\"\" \/>\n      <\/div>\n      <div class=\"c-team__info\">\n        <h2 class=\"c-team__name\"> Rafael Piaget <\/h2>\n        <span class=\"c-team__position\">Commercial Director<\/span>\n      <\/div>\n    <\/a>\n       <a href=\"https:\/\/www.sareb.es\/en\/jorge-pipaon-2\/\" class=\"c-team__member\">\n      <div class=\"c-team__image\">\n        <img loading=\"lazy\" decoding=\"async\" width=\"349\" height=\"490\" src=\"\/wp-content\/uploads\/2022\/09\/foto-jorge-pipaon-recorte-349x490.jpg\" class=\"attachment-team size-team\" alt=\"\" \/>\n      <\/div>\n      <div class=\"c-team__info\">\n        <h2 class=\"c-team__name\"> Jorge Pipa\u00f3n <\/h2>\n        <span class=\"c-team__position\">Director of the General Secretary&#8217;s Office<\/span>\n      <\/div>\n    <\/a>\n  <\/section>\n\n\n\n<p class=\"has-intro-font-size\"><\/p>\n","protected":false},"excerpt":{"rendered":"<p>Home \u2192 About Us \u2192 Corporate governance Corporate governance The State, through the FROB, owns more than 50% of the capital of Sareb, which is incorporated as a public limited company. Although the company is not listed on the stock exchange, it follows the rules of good governance approved by the National Exchange and Securities &hellip;<\/p>\n","protected":false},"author":2,"featured_media":2028,"parent":0,"menu_order":0,"comment_status":"closed","ping_status":"closed","template":"","meta":{"_acf_changed":false,"footnotes":""},"class_list":["post-16228","page","type-page","status-publish","has-post-thumbnail","hentry"],"acf":[],"_links":{"self":[{"href":"https:\/\/www.sareb.es\/en\/wp-json\/wp\/v2\/pages\/16228","targetHints":{"allow":["GET"]}}],"collection":[{"href":"https:\/\/www.sareb.es\/en\/wp-json\/wp\/v2\/pages"}],"about":[{"href":"https:\/\/www.sareb.es\/en\/wp-json\/wp\/v2\/types\/page"}],"author":[{"embeddable":true,"href":"https:\/\/www.sareb.es\/en\/wp-json\/wp\/v2\/users\/2"}],"replies":[{"embeddable":true,"href":"https:\/\/www.sareb.es\/en\/wp-json\/wp\/v2\/comments?post=16228"}],"version-history":[{"count":35,"href":"https:\/\/www.sareb.es\/en\/wp-json\/wp\/v2\/pages\/16228\/revisions"}],"predecessor-version":[{"id":118498,"href":"https:\/\/www.sareb.es\/en\/wp-json\/wp\/v2\/pages\/16228\/revisions\/118498"}],"wp:featuredmedia":[{"embeddable":true,"href":"https:\/\/www.sareb.es\/en\/wp-json\/wp\/v2\/media\/2028"}],"wp:attachment":[{"href":"https:\/\/www.sareb.es\/en\/wp-json\/wp\/v2\/media?parent=16228"}],"curies":[{"name":"wp","href":"https:\/\/api.w.org\/{rel}","templated":true}]}}